{"id":96,"date":"2026-01-09T09:44:13","date_gmt":"2026-01-09T09:44:13","guid":{"rendered":"https:\/\/www.ilayaktopraksanda.com\/?page_id=96"},"modified":"2026-01-13T08:23:44","modified_gmt":"2026-01-13T08:23:44","slug":"hamile-ve-dogum-danismanligi","status":"publish","type":"page","link":"https:\/\/www.ilayaktopraksanda.com\/?page_id=96","title":{"rendered":"Hamile ve Do\u011fum Dan\u0131\u015fmanl\u0131\u011f\u0131"},"content":{"rendered":"<p>D\u00fcnyada prenatal (do\u011fum \u00f6ncesi) ve perinatal (do\u011fum an\u0131) psikoloji olarak ge\u00e7en alanlar varken, Hamile ve Do\u011fum Psikoterapisi \u00fclkemizde ve d\u00fcnyada yeni bir psikolojik destek alan\u0131d\u0131r.<\/p>\n<p>Do\u011fum Psikoterapisi, hamilelik psikolojisi ve \u00f6zellikle fet\u00fcs psikolojisini incelenmektedir. Fet\u00fcs\u00fcn anne karn\u0131nda neler \u00f6\u011frendi\u011fi, nelerden etkilendi\u011fi, neleri kay\u0131t etti\u011fine dair ara\u015ft\u0131rmalar yap\u0131lmaktad\u0131r. Do\u011fum Psikologu diye tan\u0131mlanan meslek dal\u0131 ise&nbsp;ilk defa T\u00fcrkiye\u2019de olu\u015fmu\u015ftur.<\/p>\n<p>Hamile ve Do\u011fum Psikologu\/Psikoterapistinin \u00e7al\u0131\u015ft\u0131\u011f\u0131 ba\u015fl\u0131ca konular:<\/p>\n<ul>\n<li>Hamile kal\u0131nmadan \u00f6nce gebelik s\u00fcrecine psikolojik haz\u0131rl\u0131k<\/li>\n<li>Hamile kal\u0131nd\u0131ktan sonra do\u011fuma psikolojik haz\u0131rl\u0131k<\/li>\n<li>Hamilelik ve do\u011fum ile ilgili endi\u015feler<\/li>\n<li>Do\u011fum korkular\u0131<\/li>\n<li>Do\u011fum tercihlerinde karars\u0131zl\u0131k<\/li>\n<li>Hamilelik d\u00f6neminde aile i\u00e7i sorunlar<\/li>\n<li>Annelik ve babal\u0131k konusunda kayg\u0131lar<\/li>\n<li>Do\u011fumda bire bir destek<\/li>\n<li>Anne aday\u0131n\u0131n do\u011fumla ilgili kayg\u0131lar\u0131 ve korkular\u0131<\/li>\n<li>Anne aday\u0131n\u0131n kendi aile ge\u00e7mi\u015findeki do\u011fum, gebelik ya\u015fant\u0131lar\u0131 ve alg\u0131lar\u0131 ve bu durumun kendi gebelik s\u00fcrecine etkisi<\/li>\n<li>Anne aday\u0131n\u0131n anneli\u011fe bak\u0131\u015f\u0131, ki\u015filik yap\u0131s\u0131 ve e\u015fi ile ili\u015fkisi<\/li>\n<\/ul>\n<p>&nbsp;<\/p>\n<p>Do\u011fuma haz\u0131rl\u0131k s\u00fcrecinde fiziksel haz\u0131rl\u0131k kadar psikolojik haz\u0131rl\u0131k s\u00fcreci de olduk\u00e7a \u00f6nemlidir. Do\u011fuma haz\u0131rlanan anne ve baba adaylar\u0131n\u0131n her t\u00fcrl\u00fc psikolojik destek alarak, do\u011fuma ve do\u011fum sonras\u0131na daha sa\u011fl\u0131kl\u0131 bir \u015fekilde haz\u0131rlanmas\u0131 m\u00fcmk\u00fcnd\u00fcr.<\/p>\n<p>Gebelik s\u00fcrecinde ve do\u011fum an\u0131nda ya\u015fanan zorluklar\u0131n en \u00f6nemli nedenlerinden bir tanesi de psikolojik engelleyicilerdir. Hamilelik s\u00fcrecinde de\u011fi\u015fen ve aktive olan hormonlar\u0131n da etkisiyle bilin\u00e7alt\u0131nda bulunan s\u00fcre\u00e7ler ortaya \u00e7\u0131kabilmektedir. Do\u011fum an\u0131n\u0131n bilin\u00e7alt\u0131 bir evrede ger\u00e7ekle\u015fmesi ve do\u011fum an\u0131nda bulunan herkesin \u00f6zellikle de anne ve bebe\u011fin bu tecr\u00fcbeden en az olumsuzlukla \u00e7\u0131kmas\u0131 do\u011fum psikoterapisinin en \u00f6nemli hedeflerinden bir tanesidir.<\/p>\n<p>Bu psikolojik \u00e7al\u0131\u015fmalar d\u00fc\u015f\u00fcn\u00fcld\u00fc\u011f\u00fc gibi gebeyi \u00fczmez, aksine i\u00e7inde ya\u015fan\u0131lan duygular\u0131n ya da durumlar\u0131n d\u0131\u015far\u0131 \u00e7\u0131kart\u0131lmas\u0131n\u0131n daha sa\u011fl\u0131kl\u0131 oldu\u011fu g\u00f6r\u00fclmektedir. B\u00f6ylece daha bilin\u00e7li, fark\u0131ndal\u0131\u011f\u0131 y\u00fcksek do\u011fum ve ebeveynli\u011fe odaklan\u0131labilir.<\/p>\n<p>&nbsp;<\/p>\n<p>Hamile Psikolo\u011funun G\u00f6revleri:<\/p>\n<ul>\n<li>Gebe kalmadan \u00f6nce kad\u0131n ve erke\u011fin ebeveyn kalma&nbsp; sebeplerini ara\u015ft\u0131r\u0131r. Anne baba rol\u00fcne ge\u00e7meye haz\u0131rl\u0131k gebe kalmadan \u00f6nce ba\u015flarsa \u00e7ok iyi olur<\/li>\n<li>Gebe kald\u0131ktan sonra gebeli\u011fin \u00e7e\u015fitli d\u00f6nemlerindeki psikolojik dalgalanmalar\u0131 inceler ve gebe ile bunlar\u0131n a\u00e7\u0131k ve net payla\u015f\u0131lmas\u0131 \u00f6nemlidir.<\/li>\n<li>Gebenin kendi do\u011fum hikayesini payla\u015f\u0131r ve \u00fczerinde \u00e7al\u0131\u015f\u0131lmas\u0131 gerekenler \u00e7al\u0131\u015f\u0131lmal\u0131d\u0131r. \u00d6zellikle gebenin do\u011fum travmas\u0131 varsa do\u011fuma girmeden \u00e7\u00f6z\u00fclmesi \u00f6nemlidir.<\/li>\n<li>Gebenin e\u015fi ile ili\u015fkisine bak\u0131l\u0131r. Gerekirse ili\u015fkinin kalitesine destek olunur.<\/li>\n<li>Gebenin kendi ve e\u015finin ailesiyle ili\u015fkisi incelenir, kendi ailesiyle ili\u015fkisinde bir sorun var ise do\u011fuma kadar \u00e7\u00f6z\u00fcl\u00fcr<\/li>\n<li>Gebenin do\u011fumun kendisi veya do\u011fum sonras\u0131 ile ilgili kayg\u0131lar\u0131 varsa korkular\u0131 giderilir<\/li>\n<li>Gerekirse telkin, hipnoz \u00e7al\u0131\u015fmalar\u0131 ile gebenin gev\u015femesi ve do\u011fuma haz\u0131rlanmas\u0131 sa\u011flan\u0131r.<\/li>\n<li>Gebenin ve baban\u0131n do\u011fumdaki ihtiya\u00e7lar\u0131, istekleri, do\u011fum tercihleri s\u0131ralan\u0131r<\/li>\n<li>Baba aday\u0131 ile g\u00f6r\u00fc\u015fme yap\u0131l\u0131r, do\u011fuma girse de girmese de genel olarak e\u015fine olan deste\u011fi \u00f6nemlidir. Do\u011fum esnas\u0131 ve do\u011fum sonras\u0131 ile ilgili baba aday\u0131n\u0131n da varsa endi\u015feleri ortadan kald\u0131r\u0131l\u0131r<\/li>\n<li>Gebenin \u00f6zellikle annesi ile ve \/ veya ailedeki en yak\u0131n kad\u0131nlarla ( abla, karde\u015f, g\u00f6r\u00fcmce)&nbsp; tan\u0131\u015f\u0131r, gebe ile ili\u015fkileri&nbsp; ve do\u011fumla ilgili onu etkileme derecelerine bak\u0131l\u0131r. Do\u011fum an\u0131 ve mahremiyetle ilgili bilgilendirme yap\u0131l\u0131r. Gebenin ve baba aday\u0131n\u0131n ihtiyac\u0131na g\u00f6re ailelerin ne zaman hastaneye \u00e7a\u011f\u0131r\u0131laca\u011f\u0131, nas\u0131l \u00e7a\u011f\u0131r\u0131laca\u011f\u0131 anlat\u0131l\u0131r, do\u011fum tak\u0131m\u0131n\u0131n \u00e7al\u0131\u015fmas\u0131ndan, ebe, doktor ve do\u011fum psikologunun ayr\u0131 ayr\u0131 g\u00f6revlerinden bahsedilir.<\/li>\n<li>T\u00fcm hamilelik boyunca hamile psikologu do\u011fumda gebenin, doktorun, ebenin i\u015fine yarayacak t\u00fcm bilgileri sonradan analiz etmek i\u00e7in toplar.<\/li>\n<li>Hamilelik boyunca gebenin doktoru ve ebesiyle olan ili\u015fkisini de dengeler.<\/li>\n<\/ul>\n<p><a class=\"fasc-button fasc-size-xlarge fasc-type-glossy fasc-rounded-medium\" style=\"background-color: #33809e; color: #ffffff;\" target=\"_blank\" rel=\"noopener\" href=\"https:\/\/www.psikologilayaktoprak.com\/\">ONL\u0130NE RANDEVU \u0130\u00c7\u0130N TIKLAYIN<\/a><\/p>\n<p>&nbsp;<\/p>\n<p>Do\u011fum S\u0131ras\u0131nda Psikolojik Destek<\/p>\n<p>Hamilelik d\u00f6neminde gebe ile psikolojik olarak \u00e7al\u0131\u015f\u0131lsa da, do\u011fum an\u0131nda gebenin eski travmalar\u0131, kayg\u0131lar\u0131 ve kay\u0131tlar\u0131 ortaya \u00e7\u0131kabilir.<\/p>\n<p>Do\u011fum psikolo\u011fu, do\u011fum s\u00fcreci boyunca gebenin psikolojik s\u00fcrecini takip eder, y\u00f6nlendirir, babaya ve ailenin di\u011fer \u00fcyelerine ve hatta gerekirse do\u011fumdaki sa\u011fl\u0131k personeline destek olur.<\/p>\n<p>Do\u011fum s\u0131ras\u0131ndaki psikolojik deste\u011fin amac\u0131, gebenin do\u011fum esnas\u0131nda bilin\u00e7alt\u0131 kay\u0131tlar\u0131ndan gelen daha \u00f6nce \u00e7al\u0131\u015ft\u0131\u011f\u0131 ya da \u00e7al\u0131\u015fmad\u0131\u011f\u0131 an\u0131lardan etkilenmemesini ve dolay\u0131s\u0131yla do\u011fumun ve bebe\u011fin de sa\u011fl\u0131ks\u0131z kay\u0131tlar i\u00e7ine girmemesini sa\u011flayacak bir psikolojik deste\u011fin haz\u0131rlanmas\u0131d\u0131r.<\/p>\n<p>T\u00fcm do\u011fum s\u00fcrecinde gebe ile birlikte olan do\u011fum psikolo\u011fu gebenin t\u00fcm s\u00fcrecini ve geli\u015fimini takip eder ve hem kad\u0131n\u0131n hem babam\u0131n hem ailenin, hem de en \u00f6nemlisi bebe\u011fin t\u00fcm olumsuz deneyimlerden en az etkilenmesini sa\u011flamaya \u00e7al\u0131\u015f\u0131r.<\/p>\n<p>Bu deste\u011fin kalitesi, annenin do\u011fum sonras\u0131 kendi ve bebe\u011fi ile ilgili duygular\u0131n\u0131 etkileyerek do\u011fum sonras\u0131 s\u0131k g\u00f6r\u00fclen h\u00fcz\u00fcn ve depresyon s\u00fcre\u00e7lerini azaltacakt\u0131r.<\/p>\n<div class=\"addtoany_share_save_container addtoany_content addtoany_content_bottom\">\n<div class=\"a2a_kit a2a_kit_size_36 addtoany_list\" data-a2a-url=\"https:\/\/www.dogumpsikologuankara.com\/hamile-dogum-psikologu\/\" data-a2a-title=\"Hamile ve Do\u011fum Psikoterapisi\">&nbsp;<\/div>\n<\/div>\n","protected":false},"excerpt":{"rendered":"<p>D\u00fcnyada prenatal (do\u011fum \u00f6ncesi) ve perinatal (do\u011fum an\u0131) psikoloji olarak ge\u00e7en alanlar varken, Hamile ve Do\u011fum Psikoterapisi \u00fclkemizde ve d\u00fcnyada yeni bir psikolojik destek alan\u0131d\u0131r. Do\u011fum Psikoterapisi, hamilelik psikolojisi ve \u00f6zellikle fet\u00fcs psikolojisini incelenmektedir. Fet\u00fcs\u00fcn anne karn\u0131nda neler \u00f6\u011frendi\u011fi, nelerden etkilendi\u011fi, neleri kay\u0131t etti\u011fine dair ara\u015ft\u0131rmalar yap\u0131lmaktad\u0131r. Do\u011fum Psikologu diye tan\u0131mlanan meslek dal\u0131 ise&nbsp;ilk defa&hellip; <br \/> <a class=\"read-more\" href=\"https:\/\/www.ilayaktopraksanda.com\/?page_id=96\">Devam\u0131<\/a><\/p>\n","protected":false},"author":1,"featured_media":0,"parent":0,"menu_order":0,"comment_status":"closed","ping_status":"closed","template":"","meta":{"footnotes":""},"class_list":["post-96","page","type-page","status-publish","hentry"],"amp_enabled":true,"_links":{"self":[{"href":"https:\/\/www.ilayaktopraksanda.com\/index.php?rest_route=\/wp\/v2\/pages\/96","targetHints":{"allow":["GET"]}}],"collection":[{"href":"https:\/\/www.ilayaktopraksanda.com\/index.php?rest_route=\/wp\/v2\/pages"}],"about":[{"href":"https:\/\/www.ilayaktopraksanda.com\/index.php?rest_route=\/wp\/v2\/types\/page"}],"author":[{"embeddable":true,"href":"https:\/\/www.ilayaktopraksanda.com\/index.php?rest_route=\/wp\/v2\/users\/1"}],"replies":[{"embeddable":true,"href":"https:\/\/www.ilayaktopraksanda.com\/index.php?rest_route=%2Fwp%2Fv2%2Fcomments&post=96"}],"version-history":[{"count":4,"href":"https:\/\/www.ilayaktopraksanda.com\/index.php?rest_route=\/wp\/v2\/pages\/96\/revisions"}],"predecessor-version":[{"id":290,"href":"https:\/\/www.ilayaktopraksanda.com\/index.php?rest_route=\/wp\/v2\/pages\/96\/revisions\/290"}],"wp:attachment":[{"href":"https:\/\/www.ilayaktopraksanda.com\/index.php?rest_route=%2Fwp%2Fv2%2Fmedia&parent=96"}],"curies":[{"name":"wp","href":"https:\/\/api.w.org\/{rel}","templated":true}]}}