{"id":79,"date":"2026-01-09T09:22:41","date_gmt":"2026-01-09T09:22:41","guid":{"rendered":"https:\/\/www.ilayaktopraksanda.com\/?page_id=79"},"modified":"2026-01-17T12:04:49","modified_gmt":"2026-01-17T12:04:49","slug":"hakkimda","status":"publish","type":"page","link":"https:\/\/www.ilayaktopraksanda.com\/?page_id=79","title":{"rendered":"HAKKIMDA"},"content":{"rendered":"<p><strong><img loading=\"lazy\" decoding=\"async\" class=\"alignnone size-medium wp-image-161 alignleft\" src=\"https:\/\/www.ilayaktopraksanda.com\/wp-content\/uploads\/2026\/01\/2025-12-19-300x300.webp\" alt=\"\" width=\"300\" height=\"300\" srcset=\"https:\/\/www.ilayaktopraksanda.com\/wp-content\/uploads\/2026\/01\/2025-12-19-300x300.webp 300w, https:\/\/www.ilayaktopraksanda.com\/wp-content\/uploads\/2026\/01\/2025-12-19-150x150.webp 150w\" sizes=\"auto, (max-width: 300px) 100vw, 300px\" \/><\/strong><\/p>\n<p>&nbsp;<\/p>\n<p>&nbsp;<\/p>\n<p>&nbsp;<\/p>\n<p>&nbsp;<\/p>\n<p>&nbsp;<\/p>\n<p>&nbsp;<\/p>\n<p>&nbsp;<\/p>\n<p>&nbsp;<\/p>\n<p><strong>Uzman Psikolog \u0130lay AKTOPRAK \u015eANDA, lisans e\u011fitimini Bilkent \u00dcniversitesi Psikoloji b\u00f6l\u00fcm\u00fcnde tamamlam\u0131\u015ft\u0131r. Lisans e\u011fitimi sonras\u0131nda ODT\u00dc Aile Psikolojisi b\u00f6l\u00fcm\u00fcnden mezun olarak uzmanl\u0131k derecesini alm\u0131\u015ft\u0131r. Okul \u00f6ncesi ve ilkokul d\u00fczeyinde okullarda da okul psikolo\u011fu olarak g\u00f6rev yapm\u0131\u015ft\u0131r. <\/strong><\/p>\n<p style=\"text-align: left;\"><strong>2016 y\u0131l\u0131ndan itibaren \u00e7ocuk ve ergen ya\u015f grubuna dan\u0131\u015fmanl\u0131k hizmeti sunmaktad\u0131r. Orta d\u00fczey seviyede Deneyimsel Oyun Terapisi uygulamaktad\u0131r. 2017 y\u0131l\u0131nda itibaren de \u0130stanbul Do\u011fum Akademisi&#8217;nden ald\u0131\u011f\u0131 Do\u011fum Psikoterapisti, Doula (Do\u011fum Destek\u00e7isi) ve Do\u011fuma Haz\u0131rl\u0131k E\u011fitmeni \u00fcnvan\u0131 ile gebelik \u00f6ncesi, gebelik d\u00f6nemi ve do\u011fum sonras\u0131nda kad\u0131nlara ve ailelerine destek sunmaktad\u0131r. <\/strong><\/p>\n<p style=\"text-align: left;\"><strong>\u0130F\u0130KA, E\u011e\u0130T\u0130M VE SEM\u0130NERLER DEHB: Tan\u0131 ve Tedavi S\u00fcreci Okul Olgunlu\u011funu De\u011ferlendirme E\u011fitimi Bili\u015fsel Davran\u0131\u015f\u00e7\u0131 Terapi Kuram ve Uygulama Temel E\u011fitim Program\u0131 Disleksi E\u011fitim G\u00fcnleri Bili\u015fsel-Davran\u0131\u015f\u00e7\u0131 A\u00e7\u0131dan S\u0131nav Kayg\u0131s\u0131 ve Ba\u015fa \u00c7\u0131kma Yollar\u0131 Psikolojik De\u011ferlendirme S\u00fcrecinde \u00d6ng\u00f6r\u00fc\u015fme ve K\u0131sa S\u00fcreli Dan\u0131\u015fmanl\u0131k Prof. Dr. Gerald Weeks ile \u0130leri D\u00fczey C\u0130NSEL Terapi ve Evlilik Terapisinin Entegrasyonu Semineri Aile ve \u00c7ift Terapisi S\u00fcpervizyon E\u011fitimi \u00c7ocuk De\u011ferlendirme Paketi E\u011fitimi (Ankara Geli\u015fim Tarama Envanteri, Peabody Resim Kelime Tan\u0131ma Testi, Resim \u00c7izme Testleri, Bender Gestalt G\u00f6rsel Motor Alg\u0131 Testi, Beier C\u00fcmle Tamamlama Testi , Duygu Durumu \u00d6l\u00e7ekleri) \u00c7ocuk Merkezli Oyun Terapisi Giri\u015f ve S\u00fcpervizyon E\u011fitimi Denver II Geli\u015fimsel Tarama Envanteri Sertifikas\u0131 \u2018Psikolojik Yakla\u015f\u0131mlar ve Psikoterapi Y\u00f6ntemleri\u2019 Seminer Dizisi Geli\u015fimsel Psikopatoloji E\u011fitimi Deneyimsel Oyun Terapisi 1. ve 2. D\u00fczey &#8211; Orta D\u00fczey Uygulay\u0131c\u0131s\u0131 Psikodrama Grup Terapisi E\u011fitimi-\u0130stanbul Psikodrama Enstit\u00fcs\u00fc- Yard\u0131mc\u0131 Terapist Terapistlik e\u011fitimi devam ediyor. \u0130stanbul Do\u011fum Akademisi Do\u011fum Terapistli\u011fi E\u011fitimi \u0130stanbul Do\u011fum Akademisi Doula ve Do\u011fuma Haz\u0131rl\u0131k E\u011fitmeni Temel Hipnoz ve EFT Teknikleri<\/strong><\/p>\n<p><strong>&nbsp;<a class=\"fasc-button fasc-size-xlarge fasc-type-glossy fasc-rounded-medium ico-fa fasc-ico-before fa-calendar-o\" style=\"background-color: #33809e; color: #ffffff;\" href=\"https:\/\/www.psikologilayaktoprak.com\/\" target=\"_blank\" rel=\"noopener\">ONL\u0130NE RANDEVU \u0130\u00c7\u0130N TIKLAYIN<\/a><\/strong><\/p>\n<p>&nbsp;<\/p>\n","protected":false},"excerpt":{"rendered":"<p>&nbsp; &nbsp; &nbsp; &nbsp; &nbsp; &nbsp; &nbsp; &nbsp; Uzman Psikolog \u0130lay AKTOPRAK \u015eANDA, lisans e\u011fitimini Bilkent \u00dcniversitesi Psikoloji b\u00f6l\u00fcm\u00fcnde tamamlam\u0131\u015ft\u0131r. Lisans e\u011fitimi sonras\u0131nda ODT\u00dc Aile Psikolojisi b\u00f6l\u00fcm\u00fcnden mezun olarak uzmanl\u0131k derecesini alm\u0131\u015ft\u0131r. Okul \u00f6ncesi ve ilkokul d\u00fczeyinde okullarda da okul psikolo\u011fu olarak g\u00f6rev yapm\u0131\u015ft\u0131r. 2016 y\u0131l\u0131ndan itibaren \u00e7ocuk ve ergen ya\u015f grubuna dan\u0131\u015fmanl\u0131k hizmeti sunmaktad\u0131r.&hellip; <br \/> <a class=\"read-more\" href=\"https:\/\/www.ilayaktopraksanda.com\/?page_id=79\">Devam\u0131<\/a><\/p>\n","protected":false},"author":1,"featured_media":0,"parent":0,"menu_order":0,"comment_status":"closed","ping_status":"closed","template":"","meta":{"footnotes":""},"class_list":["post-79","page","type-page","status-publish","hentry"],"amp_enabled":true,"_links":{"self":[{"href":"https:\/\/www.ilayaktopraksanda.com\/index.php?rest_route=\/wp\/v2\/pages\/79","targetHints":{"allow":["GET"]}}],"collection":[{"href":"https:\/\/www.ilayaktopraksanda.com\/index.php?rest_route=\/wp\/v2\/pages"}],"about":[{"href":"https:\/\/www.ilayaktopraksanda.com\/index.php?rest_route=\/wp\/v2\/types\/page"}],"author":[{"embeddable":true,"href":"https:\/\/www.ilayaktopraksanda.com\/index.php?rest_route=\/wp\/v2\/users\/1"}],"replies":[{"embeddable":true,"href":"https:\/\/www.ilayaktopraksanda.com\/index.php?rest_route=%2Fwp%2Fv2%2Fcomments&post=79"}],"version-history":[{"count":11,"href":"https:\/\/www.ilayaktopraksanda.com\/index.php?rest_route=\/wp\/v2\/pages\/79\/revisions"}],"predecessor-version":[{"id":308,"href":"https:\/\/www.ilayaktopraksanda.com\/index.php?rest_route=\/wp\/v2\/pages\/79\/revisions\/308"}],"wp:attachment":[{"href":"https:\/\/www.ilayaktopraksanda.com\/index.php?rest_route=%2Fwp%2Fv2%2Fmedia&parent=79"}],"curies":[{"name":"wp","href":"https:\/\/api.w.org\/{rel}","templated":true}]}}