{"id":74,"date":"2026-01-09T09:06:42","date_gmt":"2026-01-09T09:06:42","guid":{"rendered":"https:\/\/www.ilayaktopraksanda.com\/?page_id=74"},"modified":"2026-01-17T12:58:36","modified_gmt":"2026-01-17T12:58:36","slug":"iletisim","status":"publish","type":"page","link":"https:\/\/www.ilayaktopraksanda.com\/?page_id=74","title":{"rendered":"\u0130LET\u0130\u015e\u0130M"},"content":{"rendered":"<p><strong>Adres: Muhsin Yaz\u0131c\u0131o\u011flu Caddesi, No:8\/19, Sar\u0131konak Apartman\u0131, \u00c7ukurambar, \u00c7ankaya\/ANKARA<\/strong><\/p>\n<p><strong>Mail: psikologilayaktoprak@gmail.com<\/strong><\/p>\n<p><strong>Telefon: 0530 080 92 19<\/strong><\/p>\n<p>&nbsp;<\/p>\n<p><iframe loading=\"lazy\" style=\"border: 0;\" src=\"https:\/\/www.google.com\/maps\/embed?pb=!1m18!1m12!1m3!1d3060.522416148062!2d32.80362667642717!3d39.90732378648556!2m3!1f0!2f0!3f0!3m2!1i1024!2i768!4f13.1!3m3!1m2!1s0x14d34f4faa1baffd%3A0xa331229d7613c320!2zxLBsYXkgQWt0b3ByYWsgxZ5hbmRh!5e0!3m2!1str!2str!4v1768291297057!5m2!1str!2str\" width=\"600\" height=\"450\" allowfullscreen=\"allowfullscreen\"><\/iframe><\/p>\n","protected":false},"excerpt":{"rendered":"<p>Adres: Muhsin Yaz\u0131c\u0131o\u011flu Caddesi, No:8\/19, Sar\u0131konak Apartman\u0131, \u00c7ukurambar, \u00c7ankaya\/ANKARA Mail: psikologilayaktoprak@gmail.com Telefon: 0530 080 92 19 &nbsp;<\/p>\n","protected":false},"author":1,"featured_media":0,"parent":0,"menu_order":0,"comment_status":"closed","ping_status":"closed","template":"","meta":{"footnotes":""},"class_list":["post-74","page","type-page","status-publish","hentry"],"amp_enabled":true,"_links":{"self":[{"href":"https:\/\/www.ilayaktopraksanda.com\/index.php?rest_route=\/wp\/v2\/pages\/74","targetHints":{"allow":["GET"]}}],"collection":[{"href":"https:\/\/www.ilayaktopraksanda.com\/index.php?rest_route=\/wp\/v2\/pages"}],"about":[{"href":"https:\/\/www.ilayaktopraksanda.com\/index.php?rest_route=\/wp\/v2\/types\/page"}],"author":[{"embeddable":true,"href":"https:\/\/www.ilayaktopraksanda.com\/index.php?rest_route=\/wp\/v2\/users\/1"}],"replies":[{"embeddable":true,"href":"https:\/\/www.ilayaktopraksanda.com\/index.php?rest_route=%2Fwp%2Fv2%2Fcomments&post=74"}],"version-history":[{"count":6,"href":"https:\/\/www.ilayaktopraksanda.com\/index.php?rest_route=\/wp\/v2\/pages\/74\/revisions"}],"predecessor-version":[{"id":310,"href":"https:\/\/www.ilayaktopraksanda.com\/index.php?rest_route=\/wp\/v2\/pages\/74\/revisions\/310"}],"wp:attachment":[{"href":"https:\/\/www.ilayaktopraksanda.com\/index.php?rest_route=%2Fwp%2Fv2%2Fmedia&parent=74"}],"curies":[{"name":"wp","href":"https:\/\/api.w.org\/{rel}","templated":true}]}}