{"id":3,"date":"2026-01-07T09:38:59","date_gmt":"2026-01-07T09:38:59","guid":{"rendered":"http:\/\/www.ilayaktopraksanda.com\/?page_id=3"},"modified":"2026-01-12T12:46:58","modified_gmt":"2026-01-12T12:46:58","slug":"privacy-policy","status":"publish","type":"page","link":"https:\/\/www.ilayaktopraksanda.com\/?page_id=3","title":{"rendered":"KVKK"},"content":{"rendered":"\r\n<p>\u0130LAY AKTOPRAK \u015eANDA olarak; \u00f6zel hayat\u0131n\u0131z\u0131n ve ki\u015fisel verilerinizin gizlili\u011fi ve g\u00fcvenli\u011fi en \u00f6nemli \u00f6nceliklerimiz aras\u0131ndad\u0131r. Bu Ayd\u0131nlatma Metni; \u201cveri sorumlusu\u201d s\u0131fat\u0131yla \u0130lay Aktoprak \u015eAnda taraf\u0131ndan 6698 say\u0131l\u0131 Ki\u015fisel Verilerin Korunmas\u0131 Kanunu\u2019nun (\u201cKVKK\u201d) 10. maddesinden do\u011fan ayd\u0131nlatma y\u00fck\u00fcml\u00fcl\u00fc\u011f\u00fcm\u00fcz\u00fc yerine getirmek ve faaliyetlerimiz kapsam\u0131nda taraf\u0131m\u0131zca i\u015flenen, aktar\u0131lan, saklanan ve imha edilen ki\u015fisel verileriniz hakk\u0131nda sizleri bilgilendirmek amac\u0131yla d\u00fczenlenmi\u015ftir.<\/p>\r\n<p>\u0130LAY AKTOPRAK \u015eANDA; ki\u015fisel verilerinizi her ko\u015fulda hukuka ve d\u00fcr\u00fcstl\u00fck kurallar\u0131na uygun olarak, ki\u015fisel verilerinizin do\u011frulu\u011funu ve g\u00fcncelli\u011fini sa\u011flayarak; belirli, a\u00e7\u0131k ve hukuka uygun ama\u00e7lar i\u00e7in ve i\u015flenecekleri ama\u00e7la ba\u011flant\u0131l\u0131, s\u0131n\u0131rl\u0131 ve \u00f6l\u00e7\u00fcl\u00fc olacak \u015fekilde i\u015fler, aktar\u0131r; ilgili mevzuatta \u00f6ng\u00f6r\u00fclen veya i\u015flendikleri ama\u00e7 i\u00e7in gerekli olan s\u00fcre kadar saklar ve s\u00fcre sonunda gerekli \u00f6nlemleri alarak g\u00fcvenli bi\u00e7imde imha eder.<\/p>\r\n<p>\u0130LAY AKTOPRAK \u015eANDA taraf\u0131ndan i\u015flenen, aktar\u0131lan ve saklanan ki\u015fisel verilerinizin sakland\u0131klar\u0131 ortamlarda yetkisiz eri\u015fime maruz kalmamalar\u0131, kaybolmamalar\u0131, if\u015fa olmamalar\u0131 ve zarar g\u00f6rmemeleri amac\u0131yla gerekli teknik ve idari tedbirler al\u0131n\u0131r ve uygulan\u0131r.<\/p>\r\n<p><strong>Veri Sorumlusunun Kimli\u011fi<\/strong><\/p>\r\n<ul>\r\n<li><strong>Ticaret \u00dcnvan\u0131 :<\/strong>\u00a0\u0130lay Aktopra \u015eanda<\/li>\r\n<li><strong>Adres :<\/strong>\u00a0<a href=\"https:\/\/www.google.com\/maps\/place\/data=!4m2!3m1!1s0x14d34f4faa1baffd:0xa331229d7613c320?sa=X&amp;ved=1t:8290&amp;ictx=111\" target=\"_blank\" rel=\"noopener\">Sar\u0131konak Apartman\u0131, \u00c7ukurambar, Muhsin Yaz\u0131c\u0131o\u011flu Cd. no: 8 D:19, 06510 \u00c7ankaya\/Ankara<\/a><\/li>\r\n<li><strong>E-posta :<\/strong>\u00a0psikologilayaktoprak@gmail.com<\/li>\r\n<li><strong>Telefon :<\/strong>\u00a0+90\u00a0<a href=\"https:\/\/www.google.com\/search?q=ilay+aktoprak+%C5%9Fanda&amp;oq=ilay+&amp;gs_lcrp=EgZjaHJvbWUqDggAEEUYJxg7GIAEGIoFMg4IABBFGCcYOxiABBiKBTIGCAEQRRg5MgYIAhBFGDsyDAgDECMYJxiABBiKBTIGCAQQRRg9MgYIBRBFGD0yBggGEEUYPTIGCAcQLhhA0gEHODgwajBqMagCALACAA&amp;sourceid=chrome&amp;ie=UTF-8\" target=\"_blank\" rel=\"noopener\">0530 080 92 19<\/a><\/li>\r\n<\/ul>\r\n<p><strong>Ki\u015fisel Verilerin \u0130\u015flenme Ama\u00e7lar\u0131<\/strong><\/p>\r\n<p>\u0130LAY AKTOPRAK \u015eANDA taraf\u0131ndan, belirtilenlerle s\u0131n\u0131rl\u0131 olmaks\u0131z\u0131n, ad, soy ad\u0131, TCKN, do\u011fum yeri ve tarihi, medeni durum, cinsiyet ve di\u011fer kimlik bilgileri, mesle\u011fi, SMS kay\u0131tlar\u0131, telefon numaras\u0131, e-posta adresi, \u00f6deme tipi, fatura ve i\u00e7eri\u011finde yer alan bilgiler, bor\u00e7 bilgileri, psikolojik rapor ve testler gibi ki\u015fisel verileriniz a\u015fa\u011f\u0131daki ama\u00e7lar dahilinde i\u015flenir:<\/p>\r\n<ul>\r\n<li>Ki\u015fisel verilerinizin ba\u015fkalar\u0131 taraf\u0131ndan ele ge\u00e7irilmesini engelleyebilmek ad\u0131na kimlik tespiti ve do\u011frulama,<\/li>\r\n<li>Dan\u0131\u015fan ve ziyaret\u00e7i kay\u0131tlar\u0131n\u0131n olu\u015fturulmas\u0131 ve takibi; randevu alman\u0131z halinde randevu hakk\u0131nda sizi haberdar etme, bilgi sa\u011flama ve\/veya randevu hat\u0131rlatma,<\/li>\r\n<li>Verilen hizmetlerin kalitesini artt\u0131rmak,<\/li>\r\n<li>Finans, muhasebe ve fatura s\u00fcre\u00e7lerinin ger\u00e7ekle\u015ftirilmesi,<\/li>\r\n<li>Talep\/\u015fikayet s\u00fcre\u00e7lerinin takibi,<\/li>\r\n<li>Fiziksel mek\u00e2n g\u00fcvenli\u011finin temini,<\/li>\r\n<li>S\u00f6zle\u015fme s\u00fcre\u00e7lerinin y\u00fcr\u00fct\u00fclmesi,<\/li>\r\n<li>Aile dan\u0131\u015fma merkezindeki geli\u015fmeler yeni, hizmet alanlar\u0131 ve sunulacak hizmetler ile a\u00e7\u0131l\u0131\u015f bilgileri ve benzeri konularda bilgilendirme yap\u0131lmas\u0131,<\/li>\r\n<li>Yetkili ki\u015fi ve kurumlara bilgi verilmesi, yasal ve d\u00fczenleyici gereksinimlerin yerine getirilmesi,<\/li>\r\n<li>Organizasyon, etkinlik vb. faaliyetlerinin ger\u00e7ekle\u015ftirilebilmesi,<\/li>\r\n<li>Risk y\u00f6netimi ve kalite geli\u015ftirme aktivitelerinin yerine getirilmesi,<\/li>\r\n<li>Veri g\u00fcvenli\u011fi kapsam\u0131nda t\u00fcm gerekli teknik ve idari tedbirlerin al\u0131nmas\u0131,<\/li>\r\n<li>Hizmetlerimize ili\u015fkin soru veya \u015fikayetlerinize yan\u0131t verme,<\/li>\r\n<li>\u0130lgili mevzuat gere\u011fi saklanmas\u0131 gereken sa\u011fl\u0131k verilerinize ili\u015fkin bilgileri muhafaza etme,<\/li>\r\n<li>Kurumsal s\u00fcrd\u00fcr\u00fclebilirlik, kurumsal y\u00f6netim, stratejik planlama ve bilgi g\u00fcvenli\u011fi s\u00fcre\u00e7lerinin planlanmas\u0131 ve icras\u0131,<\/li>\r\n<li>\u0130\u00e7 politika ve prensiplerine uyum sa\u011flama,<\/li>\r\n<\/ul>\r\n<p><strong>Ki\u015fisel Verilerinizin Toplanma Y\u00f6ntemi ve Hukuki Sebebi<\/strong><\/p>\r\n<p>Ki\u015fsel Verileriniz, \u0130LAY AKTOPRAK \u015eANDA taraf\u0131ndan,\u00a0<\/p>\r\n<ul>\r\n<li>\u0130LAY AKTOPRAK \u015eANDA ile hukuki ili\u015fkinizin kurulmas\u0131 esnas\u0131nda ve s\u00f6z konusu ili\u015fkinin devam\u0131 s\u00fcresince; y\u00fcz y\u00fcze ve telefonla g\u00f6r\u00fc\u015fmeler, elektronik posta, sesli onay,\u00a0\u00a0sosyal medya, mobil uygulamalar, internet sitesi \u00fczerinden, fatura d\u00fczenleme, muhasebe ve finans i\u015flemleri y\u00fcr\u00fct\u00fcl\u00fcrken; i\u015fe al\u0131m s\u00fcrecinde, web sitesi \u00fczerinden; fiziksel ortamda doldurulan matbu formlar \u00fczerinden; \u0130LAY AKTOPRAK \u015eANDA \u2018da ger\u00e7ekle\u015ftirilen dan\u0131\u015fan g\u00f6r\u00fc\u015fmeleri esnas\u0131nda ve \u0130LAY AKTOPRAK \u015eANDA taraf\u0131ndan uygulanan psikolojik dan\u0131\u015fmanl\u0131k hizmeti vermek i\u00e7in gerekli olan testler arac\u0131l\u0131\u011f\u0131yla; \u00e7al\u0131\u015fanlar ile ger\u00e7ekle\u015ftirdi\u011finiz ileti\u015fimler dahilinde al\u0131nan belgeler ve g\u00fcvenlik kameralar\u0131n\u0131n g\u00f6r\u00fcnt\u00fc kay\u0131tlar\u0131 vas\u0131tas\u0131yla, s\u00f6zl\u00fc, yaz\u0131l\u0131 veya otomatik olmayan yollarla ve\/veya elektronik ortamda otomatik kanallarla ve\u00a0<\/li>\r\n<li>KVKK taraf\u0131ndan \u00f6ng\u00f6r\u00fclen temel ilkelere uygun olarak, KVKK\u2019n\u0131n 5. ve 6. maddelerinde belirtilen ki\u015fisel veri i\u015fleme \u015fartlar\u0131 kapsam\u0131nda, i\u015fbu Ayd\u0131nlatma Metninde belirtilen ama\u00e7larla toplanabilmekte ve i\u015flenebilmektedir.\u00a0<\/li>\r\n<\/ul>\r\n<p><strong>Ki\u015fisel verilerin i\u015flenme \u015fartlar\u0131<\/strong><\/p>\r\n<p><strong>MADDE 5-\u00a0<\/strong>(1) Ki\u015fisel veriler ilgili ki\u015finin a\u00e7\u0131k r\u0131zas\u0131 olmaks\u0131z\u0131n i\u015flenemez.<\/p>\r\n<p>(2) A\u015fa\u011f\u0131daki \u015fartlardan birinin varl\u0131\u011f\u0131 h\u00e2linde, ilgili ki\u015finin a\u00e7\u0131k r\u0131zas\u0131 aranmaks\u0131z\u0131n ki\u015fisel verilerinin i\u015flenmesi m\u00fcmk\u00fcnd\u00fcr:<\/p>\r\n<ol>\r\n<li>a) Kanunlarda a\u00e7\u0131k\u00e7a \u00f6ng\u00f6r\u00fclmesi.<\/li>\r\n<li>b) Fiili imk\u00e2ns\u0131zl\u0131k nedeniyle r\u0131zas\u0131n\u0131 a\u00e7\u0131klayamayacak durumda bulunan veya r\u0131zas\u0131na hukuki ge\u00e7erlilik tan\u0131nmayan ki\u015finin kendisinin ya da bir ba\u015fkas\u0131n\u0131n hayat\u0131 veya beden b\u00fct\u00fcnl\u00fc\u011f\u00fcn\u00fcn korunmas\u0131 i\u00e7in zorunlu olmas\u0131.<\/li>\r\n<li>c) Bir s\u00f6zle\u015fmenin kurulmas\u0131 veya ifas\u0131yla do\u011frudan do\u011fruya ilgili olmas\u0131 kayd\u0131yla, s\u00f6zle\u015fmenin taraflar\u0131na ait ki\u015fisel verilerin i\u015flenmesinin gerekli olmas\u0131.<\/li>\r\n<\/ol>\r\n<p>\u00e7) Veri sorumlusunun hukuki y\u00fck\u00fcml\u00fcl\u00fc\u011f\u00fcn\u00fc yerine getirebilmesi i\u00e7in zorunlu olmas\u0131.<\/p>\r\n<ol>\r\n<li>d) \u0130lgili ki\u015finin kendisi taraf\u0131ndan alenile\u015ftirilmi\u015f olmas\u0131.<\/li>\r\n<li>e) Bir hakk\u0131n tesisi, kullan\u0131lmas\u0131 veya korunmas\u0131 i\u00e7in veri i\u015flemenin zorunlu olmas\u0131.<\/li>\r\n<li>f) \u0130lgili ki\u015finin temel hak ve \u00f6zg\u00fcrl\u00fcklerine zarar vermemek kayd\u0131yla, veri sorumlusunun me\u015fru menfaatleri i\u00e7in veri i\u015flenmesinin zorunlu olmas\u0131.<\/li>\r\n<\/ol>\r\n<p><strong>\u00d6zel nitelikli ki\u015fisel verilerin i\u015flenme \u015fartlar\u0131<\/strong><\/p>\r\n<p><strong>MADDE 6-<\/strong>\u00a0(1) Ki\u015filerin \u0131rk\u0131, etnik k\u00f6keni, siyasi d\u00fc\u015f\u00fcncesi, felsefi inanc\u0131, dini, mezhebi veya di\u011fer inan\u00e7lar\u0131, k\u0131l\u0131k ve k\u0131yafeti, dernek, vak\u0131f ya da sendika \u00fcyeli\u011fi, sa\u011fl\u0131\u011f\u0131, cinsel hayat\u0131, ceza mahk\u00fbmiyeti ve g\u00fcvenlik tedbirleriyle ilgili verileri ile biyometrik ve genetik verileri \u00f6zel nitelikli ki\u015fisel veridir.<\/p>\r\n<p>(2) \u00d6zel nitelikli ki\u015fisel verilerin, ilgilinin a\u00e7\u0131k r\u0131zas\u0131 olmaks\u0131z\u0131n i\u015flenmesi yasakt\u0131r.<\/p>\r\n<p>(3) Birinci f\u0131krada say\u0131lan sa\u011fl\u0131k ve cinsel hayat d\u0131\u015f\u0131ndaki ki\u015fisel veriler, kanunlarda \u00f6ng\u00f6r\u00fclen h\u00e2llerde ilgili ki\u015finin a\u00e7\u0131k r\u0131zas\u0131 aranmaks\u0131z\u0131n i\u015flenebilir. Sa\u011fl\u0131k ve cinsel hayata ili\u015fkin ki\u015fisel veriler ise ancak kamu sa\u011fl\u0131\u011f\u0131n\u0131n korunmas\u0131, koruyucu hekimlik, t\u0131bb\u00ee te\u015fhis, tedavi ve bak\u0131m hizmetlerinin y\u00fcr\u00fct\u00fclmesi, sa\u011fl\u0131k hizmetleri ile finansman\u0131n\u0131n planlanmas\u0131 ve y\u00f6netimi amac\u0131yla, s\u0131r saklama y\u00fck\u00fcml\u00fcl\u00fc\u011f\u00fc alt\u0131nda bulunan ki\u015filer veya yetkili kurum ve kurulu\u015flar taraf\u0131ndan ilgilinin a\u00e7\u0131k r\u0131zas\u0131 aranmaks\u0131z\u0131n i\u015flenebilir.<\/p>\r\n<p>(4) \u00d6zel nitelikli ki\u015fisel verilerin i\u015flenmesinde, ayr\u0131ca Kurul taraf\u0131ndan belirlenen yeterli \u00f6nlemlerin al\u0131nmas\u0131 \u015fartt\u0131r.<\/p>\r\n<p><strong>Ki\u015fisel Verilerin Yurt \u0130\u00e7ine\/Yurt D\u0131\u015f\u0131na Aktar\u0131m\u0131 ve Aktar\u0131m Ama\u00e7lar\u0131<\/strong><\/p>\r\n<p>Ki\u015fisel verileriniz; 6698 say\u0131l\u0131 Kanun\u2019un 8. ve 9. Maddelerindeki ki\u015fisel veri aktarma ko\u015fullar\u0131 kapsam\u0131nda ve mevzuatta belirtilen yeterli ve etkili \u00f6nlemler al\u0131nmak \u015fart\u0131yla; faaliyetlerimizi y\u00fcr\u00fctmek ve hizmet kalitesini art\u0131rmak i\u00e7in yurt i\u00e7inde i\u015f birli\u011fi yapt\u0131\u011f\u0131m\u0131z, hizmet ald\u0131\u011f\u0131m\u0131z 3.ki\u015filer, hukuken yetkili kamu kurumu ve kurulu\u015flara, ilgili mevzuat h\u00fck\u00fcmlerinin izin verdi\u011fi ki\u015fi ve kurulu\u015flara aktar\u0131labilecek\/payla\u015f\u0131labilecektir.<\/p>\r\n<p>Bu ba\u011flamda ki\u015fisel verileriniz;<\/p>\r\n<ul>\r\n<li>Sosyal G\u00fcvenlik Kurumu ba\u015fta olmak \u00fczere yetkili kamu kurum ve kurulu\u015flar\u0131 ile kanunen bilgi almaya ve ki\u015fisel verilerinizi talep etmeye yetkili kurum ve kurulu\u015flara,<\/li>\r\n<li>Hukuki y\u00fck\u00fcml\u00fcl\u00fcklerin yerine getirilmesi kapsam\u0131nda avukatlar, denet\u00e7iler, adli bili\u015fim uzmanlar\u0131, siber g\u00fcvenlik dan\u0131\u015fmanlar\u0131, vergi dan\u0131\u015fmanlar\u0131 ile dan\u0131\u015fmanl\u0131k ve hizmet ald\u0131\u011f\u0131m\u0131z\/alabilece\u011fimiz di\u011fer \u00fc\u00e7\u00fcnc\u00fc ki\u015filere,<\/li>\r\n<li>D\u00fczenleyici ve denetleyici kurumlar ile mahkeme ve icra m\u00fcd\u00fcrl\u00fckleri gibi yetkili kamu kurum ve kurulu\u015flar\u0131na,<\/li>\r\n<li>\u00d6deme ve faturaland\u0131rma i\u015flemlerinin ger\u00e7ekle\u015ftirilebilmesi i\u00e7in bankalar ve mali m\u00fc\u015favirlerimize;\u00a0\u00a0<\/li>\r\n<li>Vergisel y\u00fck\u00fcml\u00fcl\u00fcklerin yerine getirilmesi i\u00e7in vergi daireleriyle, vergi denetimleri s\u0131ras\u0131nda fatura ve tahsilat makbuzlar\u0131n\u0131n T.C. Hazine ve Maliye Bakanl\u0131\u011f\u0131 yetkililerine,\u00a0<\/li>\r\n<li>Bili\u015fim altyap\u0131m\u0131z\u0131 sa\u011flayan, i\u015fleten veya hizmet sunan i\u015f ortaklar\u0131m\u0131zla ve hizmet sa\u011flay\u0131c\u0131lar\u0131m\u0131za,<\/li>\r\n<\/ul>\r\n<p>Ve say\u0131lanlarla s\u0131n\u0131rl\u0131 olmamak \u00fczere veri aktar\u0131m\u0131 zorunlu olan di\u011fer ger\u00e7ek ve t\u00fczel ki\u015filere hukuka uygunluk sebepleri kapsam\u0131nda ve kanunun belirledi\u011fi usullere uygun olarak aktar\u0131lmaktad\u0131r.<\/p>\r\n<p>Ayr\u0131ca, ki\u015fisel verileriniz i\u015f ili\u015fkisinin s\u00fcrd\u00fcr\u00fclmesi, dan\u0131\u015fmanl\u0131k hizmeti sunulmas\u0131 ve bu hizmetin devam ettirilmesi amac\u0131yla \u00e7a\u011f\u0131n teknolojik geli\u015fmelerine uygun olarak kullan\u0131lmas\u0131 zaruri olan sosyal medya hesaplar\u0131, dijital depolama alanlar\u0131, elektronik posta hesaplar\u0131 ve benzeri ara\u00e7lar\u0131n kullan\u0131m\u0131 i\u00e7in yurt d\u0131\u015f\u0131 payla\u015f\u0131m\u0131n gerekli oldu\u011fu hallerde bu platformlar\u0131n sahibi olan ve yurt d\u0131\u015f\u0131nda bulunan hizmet sunucusu ki\u015fi ve kurulu\u015flara a\u00e7\u0131k r\u0131zan\u0131z dahilinde aktar\u0131labilecektir.<\/p>\r\n<p><strong>Ki\u015fisel Verilerin Saklanmas\u0131 ve \u0130mhas\u0131<\/strong><\/p>\r\n<p>Ki\u015fisel verileriniz, \u0130LAY AKTOPRAK \u015eANDA faaliyetlerini s\u00fcrd\u00fcrmesi ya da kanuni y\u00fck\u00fcml\u00fcl\u00fcklerin yerine getirilmesi i\u00e7in gerekli olan s\u00fcrelerde saklan\u0131r ve a\u015fa\u011f\u0131daki durumlarda imha edilir:<\/p>\r\n<ul>\r\n<li>\u0130\u015flenmesine esas te\u015fkil eden ilgili mevzuat h\u00fck\u00fcmlerinin de\u011fi\u015ftirilmesi veya ilgas\u0131,<\/li>\r\n<li>\u0130\u015flenmesini veya saklanmas\u0131n\u0131 gerektiren amac\u0131n ortadan kalkmas\u0131,<\/li>\r\n<li>Ki\u015fisel verileri i\u015flemenin sadece a\u00e7\u0131k r\u0131za \u015fart\u0131na istinaden ger\u00e7ekle\u015fti\u011fi hallerde, ilgili ki\u015finin a\u00e7\u0131k r\u0131zas\u0131n\u0131 geri almas\u0131,<\/li>\r\n<li>KVKK\u2019n\u0131n 11 inci maddesi gere\u011fi ilgili ki\u015finin haklar\u0131 \u00e7er\u00e7evesinde ki\u015fisel verilerinin silinmesi ve yok edilmesine ili\u015fkin yapt\u0131\u011f\u0131 ba\u015fvurunun Kurum taraf\u0131ndan kabul edilmesi,<\/li>\r\n<li>\u0130LAY AKTOPRAK \u015eANDA\u2019n\u0131n ilgili ki\u015fi taraf\u0131ndan ki\u015fisel verilerinin silinmesi, yok edilmesi veya anonim hale getirilmesi talebi ile kendisine yap\u0131lan ba\u015fvuruyu reddetmesi, \u0130lgili Ki\u015finin \u0130LAY AKTOPRAK \u015eANDA verdi\u011fi cevab\u0131 yetersiz bulmas\u0131 veya \u0130LAY AKTOPRAK \u015eANDA\u2019n\u0131n KVKK\u2019da \u00f6ng\u00f6r\u00fclen s\u00fcre i\u00e7inde cevap vermemesi hallerinde; \u0130lgili Ki\u015finin Ki\u015fisel Verileri Koruma Kurula \u015fik\u00e2yette bulunmas\u0131 ve bu talebin Kurul taraf\u0131ndan uygun bulunmas\u0131,<\/li>\r\n<li>Ki\u015fisel verilerin saklanmas\u0131n\u0131 gerektiren azami s\u00fcrenin ge\u00e7mi\u015f olmas\u0131 ve ki\u015fisel verileri daha uzun s\u00fcre saklamay\u0131 hakl\u0131 k\u0131lacak herhangi bir \u015fart\u0131n mevcut olmamas\u0131, durumlar\u0131nda, ilgili ki\u015finin talebi \u00fczerine silinir, yok edilir ya da re\u2019sen silinir veya anonim hale getirilir.<\/li>\r\n<\/ul>\r\n<p>KVKK\u2019da\u00a0\u00a0yer alan ki\u015fisel verilerin i\u015flenmesine ili\u015fkin \u015fartlar\u0131n tamam\u0131n\u0131n ortadan kalkmas\u0131 durumunda ki\u015fisel veriler resen veya ilgili ki\u015finin talebi \u00fczerine \u0130LAY AKTOPRAK \u015eANDA taraf\u0131ndan imha edilir.<\/p>\r\n<p><strong>Ki\u015fisel Verilere Eri\u015fim ve KVKK Kapsam\u0131nda Haklar\u0131n\u0131z<\/strong><\/p>\r\n<p>KVKK uyar\u0131nca ki\u015fisel verilerinizin;<\/p>\r\n<ul>\r\n<li>\u0130\u015flenip i\u015flenmedi\u011fini \u00f6\u011frenme,<\/li>\r\n<li>\u0130\u015flenmi\u015fse buna ili\u015fkin bilgi talep etme,<\/li>\r\n<li>\u0130\u015flenme amac\u0131n\u0131 ve bunlar\u0131n amac\u0131na uygun kullan\u0131l\u0131p kullan\u0131lmad\u0131\u011f\u0131n\u0131 \u00f6\u011frenme,<\/li>\r\n<li>Yurt i\u00e7inde veya yurt d\u0131\u015f\u0131nda aktar\u0131l\u0131p aktar\u0131lmad\u0131\u011f\u0131n\u0131; aktar\u0131l\u0131yorsa aktar\u0131ld\u0131\u011f\u0131 \u00fc\u00e7\u00fcnc\u00fc ki\u015fileri bilme,<\/li>\r\n<li>Eksik veya yanl\u0131\u015f i\u015flenmi\u015fse bunlar\u0131n d\u00fczeltilmesini isteme,<\/li>\r\n<li>Ki\u015fisel verilerin silinmesini, yok edilmesini veya anonim hale getirilmesini isteme,<\/li>\r\n<li>Ki\u015fisel verilerin d\u00fczeltilmesi, silinmesi ya da yok edilmesi halinde bu i\u015flemlerin ki\u015fisel verilerin aktar\u0131ld\u0131\u011f\u0131 \u00fc\u00e7\u00fcnc\u00fc ki\u015filere bildirilmesini isteme,<\/li>\r\n<li>Otomatik sistemler ile analiz edilmesi nedeniyle ilgili ki\u015finin aleyhine bir sonucun ortaya \u00e7\u0131kmas\u0131 durumunda itiraz etme,<\/li>\r\n<li>KVKK\u2019ya ayk\u0131r\u0131 olarak i\u015flenmesi sebebiyle zarar olu\u015fmas\u0131 durumlar\u0131nda zarar\u0131n giderilmesini talep etme<\/li>\r\n<\/ul>\r\n<p>hakk\u0131na sahip oldu\u011funuzu hat\u0131rlat\u0131r\u0131z.<\/p>\r\n<p>Ba\u015fvurunuzda yer alan talepleriniz, talebin niteli\u011fine g\u00f6re en ge\u00e7 otuz g\u00fcn i\u00e7inde \u00fccretsiz olarak sonu\u00e7land\u0131r\u0131lacakt\u0131r. Ancak, i\u015flemin \u0130LAY AKTOPRAK \u015eANDA i\u00e7in ilave bir maliyeti gerektirmesi h\u00e2linde, Ki\u015fisel Verileri Koruma Kurulu taraf\u0131ndan belirlenen tarifedeki \u00fccret talep edilebilir.<\/p>\r\n<p><strong>Talepleriniz \u0130\u00e7in Bizimle \u0130leti\u015fime Ge\u00e7mek \u0130sterseniz<\/strong><\/p>\r\n<p>KVKK kapsam\u0131nda bizimle ileti\u015fime ge\u00e7mek, geri bildirimde bulunmak ya da sorular\u0131n\u0131z\u0131 y\u00f6neltmek isterseniz, kimlik belgeleriniz ve \u0130LAY AKTOPRAK \u015eANDA taraf\u0131ndan haz\u0131rlanm\u0131\u015f ve online olarak web sitemizde matbu olarak sekretaryam\u0131zda bulunan \u201c\u0130lgili Ki\u015fi Ba\u015fvuru Formunu\u201d doldurmak suretiyle veya talebinizi i\u00e7eren dilek\u00e7eniz ile merkezimize;\u00a0<a href=\"https:\/\/www.google.com\/maps\/place\/data=!4m2!3m1!1s0x14d34f4faa1baffd:0xa331229d7613c320?sa=X&amp;ved=1t:8290&amp;ictx=111\" target=\"_blank\" rel=\"noopener\">Sar\u0131konak Apartman\u0131, \u00c7ukurambar, Muhsin Yaz\u0131c\u0131o\u011flu Cd. no: 8 D:19, 06510 \u00c7ankaya\/Ankara<\/a> adresine iletebilir, noter kanal\u0131yla ula\u015ft\u0131rabilir veya <a href=\"mailto:ilayaktoprak@gmail.com\"><strong>ilayaktoprak@gmail.com<\/strong><\/a><strong>\u00a0<\/strong>\u00a0adresine mail olarak iletebilirsiniz.<\/p>\r\n<p>Bu kapsamda, konuyla ilgili yap\u0131lacak olan yaz\u0131l\u0131 ba\u015fvurular\u0131n\u0131z\u0131n taraf\u0131m\u0131zdan yap\u0131lacak olan kimlik do\u011frulamas\u0131n\u0131 takiben kabul edilebilece\u011fini hat\u0131rlatmak isteriz.<\/p>\r\n<p>\u0130LAY AKTOPRAK \u015eANDA<em>, s\u0131n\u0131rl\u0131 hallerde i\u015fbu Ayd\u0131nlatma metni h\u00fck\u00fcmleri d\u0131\u015f\u0131nda kullan\u0131c\u0131lara ait bilgileri \u00fc\u00e7\u00fcnc\u00fc ki\u015filere a\u00e7\u0131klayabilir. Bu durumlar, Kanun, Kanun H\u00fckm\u00fcnde Kararname, Y\u00f6netmelik v.b. yetkili hukuki otorite taraf\u0131ndan \u00e7\u0131kar\u0131lan ve y\u00fcr\u00fcrl\u00fckte olan hukuk kurallar\u0131n\u0131n getirdi\u011fi zorunluluklara uyulmas\u0131n\u0131n gerektirdi\u011fi haller, yetkili idari ve adli otorite taraf\u0131ndan usul\u00fcne g\u00f6re y\u00fcr\u00fct\u00fclen bir ara\u015ft\u0131rma veya soru\u015fturman\u0131n y\u00fcr\u00fct\u00fcm\u00fc amac\u0131yla kullan\u0131c\u0131larla ilgili bilgi talep edilmesi halleri ve kullan\u0131c\u0131lar\u0131n haklar\u0131n\u0131 veya g\u00fcvenliklerini koruma amac\u0131yla bilgi verilmesinin gerekli oldu\u011fu halleridir.<\/em><\/p>","protected":false},"excerpt":{"rendered":"<p>\u0130LAY AKTOPRAK \u015eANDA olarak; \u00f6zel hayat\u0131n\u0131z\u0131n ve ki\u015fisel verilerinizin gizlili\u011fi ve g\u00fcvenli\u011fi en \u00f6nemli \u00f6nceliklerimiz aras\u0131ndad\u0131r. Bu Ayd\u0131nlatma Metni; \u201cveri sorumlusu\u201d s\u0131fat\u0131yla \u0130lay Aktoprak \u015eAnda taraf\u0131ndan 6698 say\u0131l\u0131 Ki\u015fisel Verilerin Korunmas\u0131 Kanunu\u2019nun (\u201cKVKK\u201d) 10. maddesinden do\u011fan ayd\u0131nlatma y\u00fck\u00fcml\u00fcl\u00fc\u011f\u00fcm\u00fcz\u00fc yerine getirmek ve faaliyetlerimiz kapsam\u0131nda taraf\u0131m\u0131zca i\u015flenen, aktar\u0131lan, saklanan ve imha edilen ki\u015fisel verileriniz hakk\u0131nda sizleri bilgilendirmek&hellip; <br \/> <a class=\"read-more\" href=\"https:\/\/www.ilayaktopraksanda.com\/?page_id=3\">Devam\u0131<\/a><\/p>\n","protected":false},"author":1,"featured_media":0,"parent":0,"menu_order":0,"comment_status":"closed","ping_status":"open","template":"","meta":{"footnotes":""},"class_list":["post-3","page","type-page","status-publish","hentry"],"amp_enabled":true,"_links":{"self":[{"href":"https:\/\/www.ilayaktopraksanda.com\/index.php?rest_route=\/wp\/v2\/pages\/3","targetHints":{"allow":["GET"]}}],"collection":[{"href":"https:\/\/www.ilayaktopraksanda.com\/index.php?rest_route=\/wp\/v2\/pages"}],"about":[{"href":"https:\/\/www.ilayaktopraksanda.com\/index.php?rest_route=\/wp\/v2\/types\/page"}],"author":[{"embeddable":true,"href":"https:\/\/www.ilayaktopraksanda.com\/index.php?rest_route=\/wp\/v2\/users\/1"}],"replies":[{"embeddable":true,"href":"https:\/\/www.ilayaktopraksanda.com\/index.php?rest_route=%2Fwp%2Fv2%2Fcomments&post=3"}],"version-history":[{"count":2,"href":"https:\/\/www.ilayaktopraksanda.com\/index.php?rest_route=\/wp\/v2\/pages\/3\/revisions"}],"predecessor-version":[{"id":187,"href":"https:\/\/www.ilayaktopraksanda.com\/index.php?rest_route=\/wp\/v2\/pages\/3\/revisions\/187"}],"wp:attachment":[{"href":"https:\/\/www.ilayaktopraksanda.com\/index.php?rest_route=%2Fwp%2Fv2%2Fmedia&parent=3"}],"curies":[{"name":"wp","href":"https:\/\/api.w.org\/{rel}","templated":true}]}}